{"id":138,"date":"2015-10-22T15:31:54","date_gmt":"2015-10-22T15:31:54","guid":{"rendered":"http:\/\/test.kriesi.at\/construction\/?page_id=138"},"modified":"2021-04-29T16:33:43","modified_gmt":"2021-04-29T16:33:43","slug":"corso-istruttori-kite-surf","status":"publish","type":"page","link":"https:\/\/www.kitesangelsbeach.it\/it\/corsi-kite-toscana\/corso-istruttori-kite-surf\/","title":{"rendered":"Corso Istruttori Kite Surf"},"content":{"rendered":"<div   data-size='featured_large'  data-lightbox_size='large'  data-animation='fade'  data-conditional_play=''  data-ids='1104'  data-video_counter='0'  data-autoplay='true'  data-bg_slider='false'  data-slide_height=''  data-handle='av_slideshow'  data-interval='5'  data-class=' avia-builder-el-0  el_before_av_one_full  avia-builder-el-first  '  data-el_id=''  data-css_id=''  data-scroll_down=''  data-control_layout='av-control-hidden'  data-custom_markup=''  data-perma_caption=''  data-autoplay_stopper=''  data-image_attachment=''  data-min_height='0px'  data-lazy_loading='disabled'  data-default-height='42'  class='avia-slideshow avia-slideshow-1  av-control-hidden av-default-height-applied avia-slideshow-featured_large av_slideshow  avia-builder-el-0  el_before_av_one_full  avia-builder-el-first   avia-fade-slider '  itemprop=\"image\" itemscope=\"itemscope\" itemtype=\"https:\/\/schema.org\/ImageObject\" ><ul class='avia-slideshow-inner ' style='padding-bottom: 42%;' ><li  class=' av-single-slide slide-1 ' ><div data-rel='slideshow-1' class='avia-slide-wrap '   ><div class=\"avia-caption av-slideshow-caption\"><div class=\"avia-inner-caption\"><h2  class='avia-caption-title   av-small-font-size-overwrite av-small-font-size-hidden av-mini-font-size-overwrite av-mini-font-size-hidden'  itemprop=\"name\" >Corso Istruttori KiteSurf<\/h2><\/div><\/div><img class=\"wp-image-1104 avia-img-lazy-loading-not-1104\"  src=\"https:\/\/www.kitesangelsbeach.it\/wp-content\/uploads\/2019\/06\/Corso-Istruttori-Kitesurf-IKO-toscana-1500x630.jpg\" width=\"1500\" height=\"630\" title='Corso-Istruttori-Kitesurf-IKO---toscana' alt=''  itemprop=\"thumbnailUrl\"   \/><\/div><\/li><\/ul><\/div>\n<div class=\"flex_column av_one_full  av-animated-generic bottom-to-top  flex_column_div av-zero-column-padding first  avia-builder-el-1  el_after_av_slideshow  el_before_av_one_half  \" style='margin-top:0px; margin-bottom:0px; border-radius:0px; '><p><div  style='padding-bottom:0px; font-size:25px;' class='av-special-heading av-special-heading-h1  blockquote modern-quote  avia-builder-el-2  el_before_av_hr  avia-builder-el-first  av-inherit-size '><h1 class='av-special-heading-tag '  itemprop=\"headline\"  >Corsi Formazione Istruttori IKO<\/h1><div class='special-heading-border'><div class='special-heading-inner-border' ><\/div><\/div><\/div><br \/>\n<div  style=' margin-top:10px; margin-bottom:10px;'  class='hr hr-custom hr-left hr-icon-no   avia-builder-el-3  el_after_av_heading  avia-builder-el-last '><span class='hr-inner  inner-border-av-border-fat' style=' width:50px; border-color:#d65799;' ><span class='hr-inner-style'><\/span><\/span><\/div><\/p><\/div>\n<div class=\"flex_column av_one_half  av-animated-generic bottom-to-top  flex_column_div av-zero-column-padding first  avia-builder-el-4  el_after_av_one_full  el_before_av_one_half  column-top-margin\" style='margin-top:0px; margin-bottom:0px; border-radius:0px; '><section class=\"av_textblock_section \"  itemscope=\"itemscope\" itemtype=\"https:\/\/schema.org\/CreativeWork\" ><div class='avia_textblock  '   itemprop=\"text\" ><p><strong>CORSO ISTRUTTORI IKO<\/strong><\/p>\n<p>La scuola Kite Angel\u2019s Beach \u00e8 un centro affiliato IKO (International Kiteboarding Organization) e come tale \u00e8 impegnata ogni anno a formare istruttori qualificati in grado di potere insegnare il kitesurf in tutto il mondo con un brevetto riconosciuto a livello internazionale. Questi corsi sono realizzati per farvi diventare istruttori di kitesurf esperti e affidabili, in grado di lavorare in tutte le scuole di kitesurf del mondo. Grazie a un metodo riconosciuto e di alta qualit\u00e0 potrete apprendere come insegnare in maniera sicura ed efficiente il kitesurf a tutti i livelli. Tutti i contenuti formativi e gli esercizi compresi nei corsi vi aiuteranno a trovare il perfetto equilibrio fra divertimento e sicurezza, senza perdere mai di vista l&#8217;unicit\u00e0 di ogni rider.<\/p>\n<\/div><\/section><\/div>\n<div class=\"flex_column av_one_half  av-animated-generic bottom-to-top  flex_column_div av-zero-column-padding   avia-builder-el-6  el_after_av_one_half  el_before_av_one_full  column-top-margin\" style='margin-top:0px; margin-bottom:0px; border-radius:0px; '><section class=\"av_textblock_section \"  itemscope=\"itemscope\" itemtype=\"https:\/\/schema.org\/CreativeWork\" ><div class='avia_textblock  '   itemprop=\"text\" ><p><strong>CORSO MEDICAL FIRST AID<\/strong><\/p>\n<p>Il Corso Medical First Aid \u00e8 un requisito essenziale nella formazione degli istruttori IKO. Si svolge in un&#8217;intera giornata e comprende tutte le nozioni teoriche e pratiche necessarie a portare il primo soccorso in caso di incidente.<\/p>\n<p><strong>REQUISITI<\/strong><\/p>\n<p>&#8211; Et\u00e0 minima: 16 anni.<\/p>\n<p>&#8211; Livello kitesurf: Livello 4 IKO<\/p>\n<p>&#8211; Durata: 1 giorno\/8 ore<\/p>\n<p>&#8211; Numero candidati: 8 max.<\/p>\n<\/div><\/section><\/div>\n<div class=\"flex_column av_one_full  av-animated-generic bottom-to-top  flex_column_div first  avia-builder-el-8  el_after_av_one_half  avia-builder-el-last  column-top-margin\" style='border-width:1px; border-color:#e1e1e1; border-style:solid; padding:20px; background-color:#fcfcfc; border-radius:0px; '><p><section class=\"av_textblock_section \"  itemscope=\"itemscope\" itemtype=\"https:\/\/schema.org\/CreativeWork\" ><div class='avia_textblock  '   itemprop=\"text\" ><p><strong>CORSO ASSISTANT INSTRUCTOR<\/strong><\/p>\n<p>Il Corso Assistant Instructor \u00e8 il primo step professionale della formazione istruttori IKO ed \u00e8 destinato ai candidati al Corso Instructor Level 1. Rappresenta un&#8217;esperienza esclusiva per tutti i kiter indipendenti che vogliono migliorare le proprie abilit\u00e0 di navigazione e al tempo stesso apprendere alcuni fondamenti di base del kitesurf. Il corso si svolge su 5 giorni ed \u00e8 tenuto da un Assistant Trainer certificato che vi accompagner\u00e0 nel miglioramento intensivo delle vostre abilit\u00e0.<\/p>\n<p><strong>REQUISITI<\/strong><\/p>\n<p>&#8211; Et\u00e0 minima: 16 anni.<\/p>\n<p>&#8211; Livello kitesurf: Livello 4 IKO<\/p>\n<p>&#8211; Attrezzatura personale o in noleggio<\/p>\n<p>&#8211; Durata: 5 giorni\/40 ore<\/p>\n<p>&#8211; Numero candidati: 8 max.<\/p>\n<p><strong>CORSO INSTRUCTOR LEVEL 1<\/strong><\/p>\n<p>Il Corso Instructor Level 1 \u00e8 un corso professionale destinato ai candidati che vogliono acquisire il brevetto di Istruttore IKO. Si sviluppa in 5 giornate con lezioni teoriche e pratiche di insegnamento con allievi veri. Un esaminer IKO condurr\u00e0 tutta la durata del corso fino al conseguimento del brevetto di primo livello. Durante il Corso Instructor Level 1 potrete apprendere le ultime metodologie e competenze nell\u2019insegnamento del kitesurf, sviluppando le conoscenze principali per gli aspetti che riguardano la sicurezza, l\u2019organizzazione e l\u2019analisi della zona di pratica, la tecnica e la psicologia dell\u2019insegnamento.<\/p>\n<p><strong>REQUISITI<\/strong><\/p>\n<p>&#8211; Et\u00e0 minima: 18 anni.<\/p>\n<p>&#8211; Livello kitesurf: Assistant Instructor, Livello 4 IKO<\/p>\n<p>&#8211; Certificato MEDICAL FIRST AID<\/p>\n<p>&#8211; Attrezzatura personale o in noleggio<\/p>\n<p>&#8211; Durata: 5 giorni\/40 ore<\/p>\n<p>&#8211; Numero candidati: 8 max.<\/p>\n<\/div><\/section><br \/>\n<div  class='avia-button-wrap avia-button-center  avia-builder-el-10  el_after_av_textblock  el_before_av_hr ' ><a href='https:\/\/www.kitesangelsbeach.it\/it\/contatti\/' class='avia-button avia-button-fullwidth   avia-icon_select-no avia-color-theme-color '  style='color:#ffffff; ' ><span class='avia_iconbox_title' >PRENOTA IL TUO CORSO DI ISTRUTTORE IKO<\/span><span class='avia_button_background avia-button avia-button-fullwidth avia-color-theme-color' ><\/span><\/a><\/div><br \/>\n<div   class='hr hr-big   avia-builder-el-11  el_after_av_button_big  el_before_av_gallery  avia-builder-el-first '><span class='hr-inner ' ><span class='hr-inner-style'><\/span><\/span><\/div><br \/>\n<\/p><\/div>\n","protected":false},"excerpt":{"rendered":"","protected":false},"author":1,"featured_media":0,"parent":25,"menu_order":0,"comment_status":"closed","ping_status":"closed","template":"","meta":[],"yoast_head":"<!-- This site is optimized with the Yoast SEO plugin v16.2 - https:\/\/yoast.com\/wordpress\/plugins\/seo\/ -->\n<title>Corso Istruttori Kite Surf - Kite&#039;s Angels Beach<\/title>\n<meta name=\"robots\" content=\"index, follow, max-snippet:-1, max-image-preview:large, max-video-preview:-1\" \/>\n<link rel=\"canonical\" href=\"https:\/\/www.kitesangelsbeach.it\/it\/corsi-kite-toscana\/corso-istruttori-kite-surf\/\" \/>\n<meta property=\"og:locale\" content=\"it_IT\" \/>\n<meta property=\"og:type\" content=\"article\" \/>\n<meta property=\"og:title\" content=\"Corso Istruttori Kite Surf - Kite&#039;s Angels Beach\" \/>\n<meta property=\"og:url\" content=\"https:\/\/www.kitesangelsbeach.it\/it\/corsi-kite-toscana\/corso-istruttori-kite-surf\/\" \/>\n<meta property=\"og:site_name\" content=\"Kite&#039;s Angels Beach\" \/>\n<meta property=\"article:modified_time\" content=\"2021-04-29T16:33:43+00:00\" \/>\n<meta name=\"twitter:card\" content=\"summary_large_image\" \/>\n<meta name=\"twitter:label1\" content=\"Tempo di lettura stimato\">\n\t<meta name=\"twitter:data1\" content=\"5 minuti\">\n<script type=\"application\/ld+json\" class=\"yoast-schema-graph\">{\"@context\":\"https:\/\/schema.org\",\"@graph\":[{\"@type\":\"WebSite\",\"@id\":\"https:\/\/www.kitesangelsbeach.it\/it\/#website\",\"url\":\"https:\/\/www.kitesangelsbeach.it\/it\/\",\"name\":\"Kite&#039;s Angels Beach\",\"description\":\"Kitesurfing Center Toscana\",\"potentialAction\":[{\"@type\":\"SearchAction\",\"target\":\"https:\/\/www.kitesangelsbeach.it\/it\/?s={search_term_string}\",\"query-input\":\"required name=search_term_string\"}],\"inLanguage\":\"it-IT\"},{\"@type\":\"WebPage\",\"@id\":\"https:\/\/www.kitesangelsbeach.it\/it\/corsi-kite-toscana\/corso-istruttori-kite-surf\/#webpage\",\"url\":\"https:\/\/www.kitesangelsbeach.it\/it\/corsi-kite-toscana\/corso-istruttori-kite-surf\/\",\"name\":\"Corso Istruttori Kite Surf - Kite&#039;s Angels Beach\",\"isPartOf\":{\"@id\":\"https:\/\/www.kitesangelsbeach.it\/it\/#website\"},\"datePublished\":\"2015-10-22T15:31:54+00:00\",\"dateModified\":\"2021-04-29T16:33:43+00:00\",\"breadcrumb\":{\"@id\":\"https:\/\/www.kitesangelsbeach.it\/it\/corsi-kite-toscana\/corso-istruttori-kite-surf\/#breadcrumb\"},\"inLanguage\":\"it-IT\",\"potentialAction\":[{\"@type\":\"ReadAction\",\"target\":[\"https:\/\/www.kitesangelsbeach.it\/it\/corsi-kite-toscana\/corso-istruttori-kite-surf\/\"]}]},{\"@type\":\"BreadcrumbList\",\"@id\":\"https:\/\/www.kitesangelsbeach.it\/it\/corsi-kite-toscana\/corso-istruttori-kite-surf\/#breadcrumb\",\"itemListElement\":[{\"@type\":\"ListItem\",\"position\":1,\"item\":{\"@type\":\"WebPage\",\"@id\":\"https:\/\/www.kitesangelsbeach.it\/it\/\",\"url\":\"https:\/\/www.kitesangelsbeach.it\/it\/\",\"name\":\"Home\"}},{\"@type\":\"ListItem\",\"position\":2,\"item\":{\"@type\":\"WebPage\",\"@id\":\"https:\/\/www.kitesangelsbeach.it\/it\/corsi-kite-toscana\/\",\"url\":\"https:\/\/www.kitesangelsbeach.it\/it\/corsi-kite-toscana\/\",\"name\":\"Corsi Kite\"}},{\"@type\":\"ListItem\",\"position\":3,\"item\":{\"@id\":\"https:\/\/www.kitesangelsbeach.it\/it\/corsi-kite-toscana\/corso-istruttori-kite-surf\/#webpage\"}}]}]}<\/script>\n<!-- \/ Yoast SEO plugin. -->","_links":{"self":[{"href":"https:\/\/www.kitesangelsbeach.it\/it\/wp-json\/wp\/v2\/pages\/138"}],"collection":[{"href":"https:\/\/www.kitesangelsbeach.it\/it\/wp-json\/wp\/v2\/pages"}],"about":[{"href":"https:\/\/www.kitesangelsbeach.it\/it\/wp-json\/wp\/v2\/types\/page"}],"author":[{"embeddable":true,"href":"https:\/\/www.kitesangelsbeach.it\/it\/wp-json\/wp\/v2\/users\/1"}],"replies":[{"embeddable":true,"href":"https:\/\/www.kitesangelsbeach.it\/it\/wp-json\/wp\/v2\/comments?post=138"}],"version-history":[{"count":16,"href":"https:\/\/www.kitesangelsbeach.it\/it\/wp-json\/wp\/v2\/pages\/138\/revisions"}],"predecessor-version":[{"id":1106,"href":"https:\/\/www.kitesangelsbeach.it\/it\/wp-json\/wp\/v2\/pages\/138\/revisions\/1106"}],"up":[{"embeddable":true,"href":"https:\/\/www.kitesangelsbeach.it\/it\/wp-json\/wp\/v2\/pages\/25"}],"wp:attachment":[{"href":"https:\/\/www.kitesangelsbeach.it\/it\/wp-json\/wp\/v2\/media?parent=138"}],"curies":[{"name":"wp","href":"https:\/\/api.w.org\/{rel}","templated":true}]}}