{"id":877,"date":"2019-05-31T17:00:15","date_gmt":"2019-05-31T17:00:15","guid":{"rendered":"https:\/\/www.kitesangelsbeach.it\/?page_id=877"},"modified":"2021-05-31T11:03:43","modified_gmt":"2021-05-31T11:03:43","slug":"corso-advanced-kitesurf","status":"publish","type":"page","link":"https:\/\/www.kitesangelsbeach.it\/it\/corsi-kite-toscana\/corso-advanced-kitesurf\/","title":{"rendered":"Corso Advanced Kitesurf"},"content":{"rendered":"<div   data-size='featured_large'  data-lightbox_size='large'  data-animation='fade'  data-conditional_play=''  data-ids='691,689,693'  data-video_counter='0'  data-autoplay='true'  data-bg_slider='false'  data-slide_height=''  data-handle='av_slideshow'  data-interval='5'  data-class=' avia-builder-el-0  el_before_av_one_full  avia-builder-el-first  '  data-el_id=''  data-css_id=''  data-scroll_down=''  data-control_layout='av-control-default'  data-custom_markup=''  data-perma_caption='aviaTBperma_caption'  data-autoplay_stopper=''  data-image_attachment=''  data-min_height='0px'  data-lazy_loading='disabled'  data-default-height='42'  class='avia-slideshow avia-slideshow-1  av-control-default av-default-height-applied avia-slideshow-featured_large av_slideshow  avia-builder-el-0  el_before_av_one_full  avia-builder-el-first   avia-fade-slider '  itemprop=\"image\" itemscope=\"itemscope\" itemtype=\"https:\/\/schema.org\/ImageObject\" ><ul class='avia-slideshow-inner ' style='padding-bottom: 53.333333333333%;' ><li  class=' slide-1 ' ><div data-rel='slideshow-1' class='avia-slide-wrap '   ><img class=\"wp-image-691 avia-img-lazy-loading-not-691\"  src=\"https:\/\/www.kitesangelsbeach.it\/wp-content\/uploads\/2019\/04\/corso-kitesurf-toscana2.jpg\" width=\"900\" height=\"480\" title='corso-kitesurf-toscana2' alt=''  itemprop=\"thumbnailUrl\" srcset=\"https:\/\/www.kitesangelsbeach.it\/wp-content\/uploads\/2019\/04\/corso-kitesurf-toscana2.jpg 900w, https:\/\/www.kitesangelsbeach.it\/wp-content\/uploads\/2019\/04\/corso-kitesurf-toscana2-300x160.jpg 300w, https:\/\/www.kitesangelsbeach.it\/wp-content\/uploads\/2019\/04\/corso-kitesurf-toscana2-768x410.jpg 768w, https:\/\/www.kitesangelsbeach.it\/wp-content\/uploads\/2019\/04\/corso-kitesurf-toscana2-705x376.jpg 705w, https:\/\/www.kitesangelsbeach.it\/wp-content\/uploads\/2019\/04\/corso-kitesurf-toscana2-450x240.jpg 450w\" sizes=\"(max-width: 900px) 100vw, 900px\" \/><\/div><\/li><li  class=' slide-2 ' ><div data-rel='slideshow-1' class='avia-slide-wrap '   ><img class=\"wp-image-689 avia-img-lazy-loading-not-689\"  src=\"https:\/\/www.kitesangelsbeach.it\/wp-content\/uploads\/2019\/04\/corso-kitesurf-toscana1.jpg\" width=\"900\" height=\"480\" title='corso-kitesurf-toscana1' alt=''  itemprop=\"thumbnailUrl\" srcset=\"https:\/\/www.kitesangelsbeach.it\/wp-content\/uploads\/2019\/04\/corso-kitesurf-toscana1.jpg 900w, https:\/\/www.kitesangelsbeach.it\/wp-content\/uploads\/2019\/04\/corso-kitesurf-toscana1-300x160.jpg 300w, https:\/\/www.kitesangelsbeach.it\/wp-content\/uploads\/2019\/04\/corso-kitesurf-toscana1-768x410.jpg 768w, https:\/\/www.kitesangelsbeach.it\/wp-content\/uploads\/2019\/04\/corso-kitesurf-toscana1-705x376.jpg 705w, https:\/\/www.kitesangelsbeach.it\/wp-content\/uploads\/2019\/04\/corso-kitesurf-toscana1-450x240.jpg 450w\" sizes=\"(max-width: 900px) 100vw, 900px\" \/><\/div><\/li><li  class=' slide-3 ' ><div data-rel='slideshow-1' class='avia-slide-wrap '   ><img class=\"wp-image-693 avia-img-lazy-loading-not-693\"  src=\"https:\/\/www.kitesangelsbeach.it\/wp-content\/uploads\/2019\/04\/corso-kitesurf-toscana3.jpg\" width=\"900\" height=\"480\" title='corso-kitesurf-toscana3' alt=''  itemprop=\"thumbnailUrl\" srcset=\"https:\/\/www.kitesangelsbeach.it\/wp-content\/uploads\/2019\/04\/corso-kitesurf-toscana3.jpg 900w, https:\/\/www.kitesangelsbeach.it\/wp-content\/uploads\/2019\/04\/corso-kitesurf-toscana3-300x160.jpg 300w, https:\/\/www.kitesangelsbeach.it\/wp-content\/uploads\/2019\/04\/corso-kitesurf-toscana3-768x410.jpg 768w, https:\/\/www.kitesangelsbeach.it\/wp-content\/uploads\/2019\/04\/corso-kitesurf-toscana3-705x376.jpg 705w, https:\/\/www.kitesangelsbeach.it\/wp-content\/uploads\/2019\/04\/corso-kitesurf-toscana3-450x240.jpg 450w\" sizes=\"(max-width: 900px) 100vw, 900px\" \/><\/div><\/li><\/ul><div class='avia-slideshow-arrows avia-slideshow-controls'><a href='#prev' class='prev-slide' aria-hidden='true' data-av_icon='\ue87c' data-av_iconfont='entypo-fontello' aria-hidden=\"true\" tabindex=\"-1\">Precedente<\/a><a href='#next' class='next-slide' aria-hidden='true' data-av_icon='\ue87d' data-av_iconfont='entypo-fontello' aria-hidden=\"true\" tabindex=\"-1\">Succ<\/a><\/div><div class='avia-slideshow-dots avia-slideshow-controls'><a href='#1' class='goto-slide active' >1<\/a><a href='#2' class='goto-slide ' >2<\/a><a href='#3' class='goto-slide ' >3<\/a><\/div><\/div>\n<div class=\"flex_column av_one_full  av-animated-generic bottom-to-top  flex_column_div av-zero-column-padding first  avia-builder-el-1  el_after_av_slideshow  el_before_av_one_half  \" style='margin-top:0px; margin-bottom:0px; border-radius:0px; '><p><div  style='padding-bottom:0px; ' class='av-special-heading av-special-heading-h1  blockquote modern-quote  avia-builder-el-2  el_before_av_hr  avia-builder-el-first  '><h1 class='av-special-heading-tag '  itemprop=\"headline\"  >Corso Advanced KiteSurf<\/h1><div class='special-heading-border'><div class='special-heading-inner-border' ><\/div><\/div><\/div><br \/>\n<div  style=' margin-top:10px; margin-bottom:10px;'  class='hr hr-custom hr-left hr-icon-no   avia-builder-el-3  el_after_av_heading  avia-builder-el-last '><span class='hr-inner  inner-border-av-border-fat' style=' width:50px; border-color:#efbb20;' ><span class='hr-inner-style'><\/span><\/span><\/div><\/p><\/div>\n<div class=\"flex_column av_one_half  av-animated-generic bottom-to-top  flex_column_div av-zero-column-padding first  avia-builder-el-4  el_after_av_one_full  el_before_av_one_half  column-top-margin\" style='margin-top:0px; margin-bottom:0px; border-radius:0px; '><section class=\"av_textblock_section \"  itemscope=\"itemscope\" itemtype=\"https:\/\/schema.org\/CreativeWork\" ><div class='avia_textblock  '  style='font-size:16px; '  itemprop=\"text\" ><h2>DESCRIZIONE<\/h2>\n<p>Il Corso Advanced Kitesurf in Toscana \u00e8 rivolto a tutti coloro che hanno raggiunto la piena indipendenza nella pratica del kitesurf, ma che vogliono iniziare ad alzare il loro livello e le loro capacit\u00e0. Oggetto del Corso Advanced sono tutte le lezioni che vanno dall\u2019insegnamento dei cambi di direzione (virate e strambate), al toeside, fino alle rotazioni agganciati in back e in front.<\/p>\n<\/div><\/section><\/div>\n<div class=\"flex_column av_one_half  av-animated-generic bottom-to-top  flex_column_div av-zero-column-padding   avia-builder-el-6  el_after_av_one_half  el_before_av_one_full  column-top-margin\" style='margin-top:0px; margin-bottom:0px; border-radius:0px; '><div  class='avia-button-wrap avia-button-center  avia-builder-el-7  avia-builder-el-no-sibling ' ><a href='https:\/\/www.kitesangelsbeach.it\/it\/le-nostre-proposte\/'  class='avia-button  avia-color-blue   avia-icon_select-yes-left-icon avia-size-large avia-position-center '   ><span class='avia_button_icon avia_button_icon_left ' aria-hidden='true' data-av_icon='\ue822' data-av_iconfont='entypo-fontello'><\/span><span class='avia_iconbox_title' >VAI ALLA SCHEDA CORSI KITE\u2019S<\/span><\/a><\/div><\/div><div class=\"flex_column av_one_full  av-animated-generic bottom-to-top  flex_column_div first  avia-builder-el-8  el_after_av_one_half  el_before_av_one_half  column-top-margin\" style='border-width:1px; border-color:#e1e1e1; border-style:solid; padding:20px; background-color:#fcfcfc; border-radius:0px; '><section class=\"av_textblock_section \"  itemscope=\"itemscope\" itemtype=\"https:\/\/schema.org\/CreativeWork\" ><div class='avia_textblock  '  style='font-size:16px; '  itemprop=\"text\" ><p>Garantiamo un\u2019ottima riuscita dei nostre lezioni base grazie alla presenza di istruttori preparati e professionali, tutti in possesso di Brevetti fInternazionali IKO,\u00a0avendo in gestione una ZONA KITE\u00a0\u00a0 dedicata solo alla pratica del kite.<\/p>\n<\/div><\/section><\/div><\/p>\n<div class=\"flex_column av_one_half  av-animated-generic bottom-to-top  flex_column_div av-zero-column-padding first  avia-builder-el-10  el_after_av_one_full  el_before_av_one_half  column-top-margin\" style='border-radius:0px; '><section class=\"av_textblock_section \"  itemscope=\"itemscope\" itemtype=\"https:\/\/schema.org\/CreativeWork\" ><div class='avia_textblock  '   itemprop=\"text\" ><p><strong>STRUTTURA DEL CORSO<\/strong><\/p>\n<p>Prima di entrare in acqua, l&#8217;istruttore vi dar\u00e0 una descrizione teorica di ci\u00f2 che andrete a fare, successivamente vi mostrer\u00e0 personalmente pi\u00f9 volte il trick in modo da farvi visualizzare l\u2019esatta esecuzione dello stesso e poter commentare eventuali punti critici o errori comuni da evitare. Solo a questo punto, muniti di radio casco potrete provare a volont\u00e0 il vostro trick sempre sotto l\u2019occhio attento dell&#8217;istruttore che sar\u00e0 sempre in contatto con voi tramite radio e vi dar\u00e0 indicazioni in tempo reale prima, durante e dopo l\u2019esecuzione della manovra.<\/p>\n<\/div><\/section><\/div>\n<div class=\"flex_column av_one_half  av-animated-generic bottom-to-top  flex_column_div av-zero-column-padding   avia-builder-el-12  el_after_av_one_half  el_before_av_one_full  column-top-margin\" style='border-radius:0px; '><section class=\"av_textblock_section \"  itemscope=\"itemscope\" itemtype=\"https:\/\/schema.org\/CreativeWork\" ><div class='avia_textblock  '   itemprop=\"text\" ><p><strong>CARATTERISTICHE DEL CORSO <\/strong><\/p>\n<p>&#8211; Standard didattici IKO<\/p>\n<p>&#8211; Attrezzature e accessori forniti dalla scuola<\/p>\n<p>&#8211; Lezioni personalizzate e one-to-one<\/p>\n<p>&#8211; Utilizzo della radio per la massima efficienza didattica<\/p>\n<p>&#8211; Debriefing a fine lezione<\/p>\n<p>&#8211; Gommone di supporto a disposizione<\/p>\n<p>&#8211; Singole ore aggiuntive a prezzo vantaggioso<\/p>\n<p>&#8211; Certificazione del livello IKO<\/p>\n<\/div><\/section><\/div>\n<div class=\"flex_column av_one_full  av-animated-generic bottom-to-top  flex_column_div first  avia-builder-el-14  el_after_av_one_half  avia-builder-el-last  column-top-margin\" style='border-width:1px; border-color:#e1e1e1; border-style:solid; padding:20px; background-color:#fcfcfc; border-radius:0px; '><div  class='avia-button-wrap avia-button-center  avia-builder-el-15  avia-builder-el-no-sibling ' ><a href='https:\/\/www.kitesangelsbeach.it\/it\/contatti\/' class='avia-button avia-button-fullwidth   avia-icon_select-no avia-color-theme-color '  style='color:#ffffff; ' ><span class='avia_iconbox_title' >RICHIEDI INFORMAZIONI<\/span><div class='av-button-description av-button-description-below'><p>Corso Advanced Kitesurf<\/p>\n<\/div><span class='avia_button_background avia-button avia-button-fullwidth avia-color-theme-color' ><\/span><\/a><\/div><\/div>\n","protected":false},"excerpt":{"rendered":"","protected":false},"author":1,"featured_media":0,"parent":25,"menu_order":0,"comment_status":"closed","ping_status":"closed","template":"","meta":[],"yoast_head":"<!-- This site is optimized with the Yoast SEO plugin v16.2 - https:\/\/yoast.com\/wordpress\/plugins\/seo\/ -->\n<title>Corso Advanced Kitesurf in Toscana - Grosseto - Zona Kite area dedicata<\/title>\n<meta name=\"description\" content=\"Il Corso Advanced KiteSurf in Toscana \u00e8 rivolto a tutti coloro che vogliono iniziare ad alzare il loro livello tecnico. Istruttori IKO per corsi di Kite.\" \/>\n<meta name=\"robots\" content=\"index, follow, max-snippet:-1, max-image-preview:large, max-video-preview:-1\" \/>\n<link rel=\"canonical\" href=\"https:\/\/www.kitesangelsbeach.it\/it\/corsi-kite-toscana\/corso-advanced-kitesurf\/\" \/>\n<meta property=\"og:locale\" content=\"it_IT\" \/>\n<meta property=\"og:type\" content=\"article\" \/>\n<meta property=\"og:title\" content=\"Corso Advanced Kitesurf in Toscana - Grosseto - Zona Kite area dedicata\" \/>\n<meta property=\"og:description\" content=\"Il Corso Advanced KiteSurf in Toscana \u00e8 rivolto a tutti coloro che vogliono iniziare ad alzare il loro livello tecnico. Istruttori IKO per corsi di Kite.\" \/>\n<meta property=\"og:url\" content=\"https:\/\/www.kitesangelsbeach.it\/it\/corsi-kite-toscana\/corso-advanced-kitesurf\/\" \/>\n<meta property=\"og:site_name\" content=\"Kite&#039;s Angels Beach\" \/>\n<meta property=\"article:modified_time\" content=\"2021-05-31T11:03:43+00:00\" \/>\n<meta name=\"twitter:card\" content=\"summary_large_image\" \/>\n<meta name=\"twitter:label1\" content=\"Tempo di lettura stimato\">\n\t<meta name=\"twitter:data1\" content=\"6 minuti\">\n<script type=\"application\/ld+json\" class=\"yoast-schema-graph\">{\"@context\":\"https:\/\/schema.org\",\"@graph\":[{\"@type\":\"WebSite\",\"@id\":\"https:\/\/www.kitesangelsbeach.it\/it\/#website\",\"url\":\"https:\/\/www.kitesangelsbeach.it\/it\/\",\"name\":\"Kite&#039;s Angels Beach\",\"description\":\"Kitesurfing Center Toscana\",\"potentialAction\":[{\"@type\":\"SearchAction\",\"target\":\"https:\/\/www.kitesangelsbeach.it\/it\/?s={search_term_string}\",\"query-input\":\"required name=search_term_string\"}],\"inLanguage\":\"it-IT\"},{\"@type\":\"WebPage\",\"@id\":\"https:\/\/www.kitesangelsbeach.it\/it\/corsi-kite-toscana\/corso-advanced-kitesurf\/#webpage\",\"url\":\"https:\/\/www.kitesangelsbeach.it\/it\/corsi-kite-toscana\/corso-advanced-kitesurf\/\",\"name\":\"Corso Advanced Kitesurf in Toscana - Grosseto - Zona Kite area dedicata\",\"isPartOf\":{\"@id\":\"https:\/\/www.kitesangelsbeach.it\/it\/#website\"},\"datePublished\":\"2019-05-31T17:00:15+00:00\",\"dateModified\":\"2021-05-31T11:03:43+00:00\",\"description\":\"Il Corso Advanced KiteSurf in Toscana \\u00e8 rivolto a tutti coloro che vogliono iniziare ad alzare il loro livello tecnico. Istruttori IKO per corsi di Kite.\",\"breadcrumb\":{\"@id\":\"https:\/\/www.kitesangelsbeach.it\/it\/corsi-kite-toscana\/corso-advanced-kitesurf\/#breadcrumb\"},\"inLanguage\":\"it-IT\",\"potentialAction\":[{\"@type\":\"ReadAction\",\"target\":[\"https:\/\/www.kitesangelsbeach.it\/it\/corsi-kite-toscana\/corso-advanced-kitesurf\/\"]}]},{\"@type\":\"BreadcrumbList\",\"@id\":\"https:\/\/www.kitesangelsbeach.it\/it\/corsi-kite-toscana\/corso-advanced-kitesurf\/#breadcrumb\",\"itemListElement\":[{\"@type\":\"ListItem\",\"position\":1,\"item\":{\"@type\":\"WebPage\",\"@id\":\"https:\/\/www.kitesangelsbeach.it\/it\/\",\"url\":\"https:\/\/www.kitesangelsbeach.it\/it\/\",\"name\":\"Home\"}},{\"@type\":\"ListItem\",\"position\":2,\"item\":{\"@type\":\"WebPage\",\"@id\":\"https:\/\/www.kitesangelsbeach.it\/it\/corsi-kite-toscana\/\",\"url\":\"https:\/\/www.kitesangelsbeach.it\/it\/corsi-kite-toscana\/\",\"name\":\"Corsi Kite\"}},{\"@type\":\"ListItem\",\"position\":3,\"item\":{\"@id\":\"https:\/\/www.kitesangelsbeach.it\/it\/corsi-kite-toscana\/corso-advanced-kitesurf\/#webpage\"}}]}]}<\/script>\n<!-- \/ Yoast SEO plugin. -->","_links":{"self":[{"href":"https:\/\/www.kitesangelsbeach.it\/it\/wp-json\/wp\/v2\/pages\/877"}],"collection":[{"href":"https:\/\/www.kitesangelsbeach.it\/it\/wp-json\/wp\/v2\/pages"}],"about":[{"href":"https:\/\/www.kitesangelsbeach.it\/it\/wp-json\/wp\/v2\/types\/page"}],"author":[{"embeddable":true,"href":"https:\/\/www.kitesangelsbeach.it\/it\/wp-json\/wp\/v2\/users\/1"}],"replies":[{"embeddable":true,"href":"https:\/\/www.kitesangelsbeach.it\/it\/wp-json\/wp\/v2\/comments?post=877"}],"version-history":[{"count":6,"href":"https:\/\/www.kitesangelsbeach.it\/it\/wp-json\/wp\/v2\/pages\/877\/revisions"}],"predecessor-version":[{"id":5143,"href":"https:\/\/www.kitesangelsbeach.it\/it\/wp-json\/wp\/v2\/pages\/877\/revisions\/5143"}],"up":[{"embeddable":true,"href":"https:\/\/www.kitesangelsbeach.it\/it\/wp-json\/wp\/v2\/pages\/25"}],"wp:attachment":[{"href":"https:\/\/www.kitesangelsbeach.it\/it\/wp-json\/wp\/v2\/media?parent=877"}],"curies":[{"name":"wp","href":"https:\/\/api.w.org\/{rel}","templated":true}]}}