{"id":4849,"date":"2021-04-28T16:49:39","date_gmt":"2021-04-28T16:49:39","guid":{"rendered":"https:\/\/www.kitesangelsbeach.it\/it\/?post_type=product&#038;p=4849"},"modified":"2024-05-20T07:19:01","modified_gmt":"2024-05-20T07:19:01","slug":"n-3-ore-di-coppia-in-gommone-aggiuntive-al-corso-basic","status":"publish","type":"product","link":"https:\/\/www.kitesangelsbeach.it\/it\/negozio\/n-3-ore-di-coppia-in-gommone-aggiuntive-al-corso-basic\/","title":{"rendered":"N. 3 ore di &#8220;coppia&#8221; in GOMMONE aggiuntive al corso &#8220;Basic&#8221;"},"content":{"rendered":"<div class=\"location\">\n<h3 class=\"title wl-border-no\">Luogo dell&#8217;evento<\/h3>\n<div class=\"content clr-after\">\n<div class=\"left\">\n<div class=\"desc\">Lo stabilimento si trover\u00e0 5 min a piedi lungo un sentiero in pineta segnalato<\/div>\n<div class=\"address\">Presso lo stabilimento Kite&#8217;s Angels Beach<br \/>\nKite&#8217;s Angels Beach, KM31 della Canova, Str. S. Vincenzo d&#8217;Elba, Marina di Grosseto, GR, Italia<\/div>\n<div class=\"icon-option parking\">Parcheggio gratuito e a pagamento custodito nelle vicinanze<\/div>\n<div class=\"icon-option public-transport\">Fermata del bus 1\/G 49D al parcheggio davanti allo stabilimento<\/div>\n<div class=\"reseller-data\">\n<h3 class=\"title wl-border-no row\">Offerto da<\/h3>\n<p>Kite&#8217;s Angels Beach<\/p>\n<div class=\"row wl-color-highlight\">&#8211; Grosseto<\/div>\n<\/div>\n<\/div>\n<p><iframe loading=\"lazy\" style=\"border: 0;\" src=\"https:\/\/www.google.com\/maps\/embed?pb=!1m14!1m8!1m3!1d11721.322129972004!2d10.958483!3d42.7390586!3m2!1i1024!2i768!4f13.1!3m3!1m2!1s0x1329c90d1ea555af%3A0x15518db6feea8e3d!2sStabilimento%20Kite's%20Angels!5e0!3m2!1sit!2sit!4v1619642214487!5m2!1sit!2sit\" width=\"600\" height=\"450\" allowfullscreen=\"allowfullscreen\"><\/iframe><\/p>\n<\/div>\n<\/div>\n<div class=\"description\">\n<h3 class=\"title wl-border-no\">Ulteriori informazioni<\/h3>\n<div class=\"content\">\n<p>Possibilit\u00e0 di personalizzare le lezioni in base al prorpio livello raggiunto nella conduzione del kite<\/p>\n<p>Prima di entrare in acqua, l\u2019istruttore vi dar\u00e0 una descrizione teorica di ci\u00f2 che andrete a fare, successivamente vi mostrer\u00e0 personalmente pi\u00f9 volte il trick in modo da farvi visualizzare l\u2019esatta esecuzione dello stesso e poter commentare eventuali punti critici o errori comuni da evitare.<\/p>\n<p>Solo a questo punto, muniti di radio casco potrete provare a volont\u00e0 il vostro trick sempre sotto l\u2019occhio attento dell\u2019istruttore che sar\u00e0 sempre in contatto con voi tramite radio e vi dar\u00e0 indicazioni in tempo reale prima, durante e dopo l\u2019esecuzione della manovra.<\/p>\n<\/div>\n<\/div>\n","protected":false},"excerpt":{"rendered":"<div class=\"short-description\">\n<div class=\"std\">\n<p><strong>TARIFFA NON RIMBORSABILE<\/strong><\/p>\n<p><strong>NESSUNA SCADENZA TEMPORALE<\/strong><\/p>\n<p><span style=\"color: #ff0000;\"><strong>IL PREZZO DI RIFERISCE AL SINGOLO CLIENTE &#8211; UNITARIO<\/strong><\/span><\/p>\n<p><span style=\"color: #ff0000;\"><strong>IN CASO DI ACQUISTO IN COPPIA OCCORRE ACQUISTARE DUE PACCHETTI<\/strong><\/span><\/p>\n<p>Il pacchetto \u00e8 rivolto a coloro che vorranno proseguire con lezioni aggiuntive al corso &#8220;Base&#8221; o corso &#8220;Advanced di sei ore&#8221;, ma che vogliono iniziare ad alzare il loro livello e le loro capacit\u00e0.<\/p>\n<p>Oggetto del Corso sono tutte le lezioni che vanno dall\u2019insegnamento dei cambi di direzione (virate e strambate), al toeside, fino alle rotazioni agganciati in back e in front<\/p>\n<\/div>\n<\/div>\n<ul class=\"highlights\">\n<li>Corso adatto a tutte le et\u00e0<\/li>\n<li>Rilascio certificazione internazionale del livello IKO<\/li>\n<li>Copertura assicurativa internazionale<\/li>\n<li>Materiali North Kiteboarding &#8211; Mystic e Flysurfer Kiteboarding 2021<\/li>\n<li>NOVITA&#8217; ASSOLUTA &#8211; Ricevi SUBITO un Voucher di 50 euro da utilizzare per opzionare il tuo kite preferito North 2021 scontato del 40%<\/li>\n<li>&#8220;PORTA UN AMICO&#8221; &#8211; Per ogni &#8220;amico che porti&#8221; riceverai un voucher di 25 euro, cumulabile per l&#8217;acquisto del tuo kite preferito North 2021 scontato del 40%<\/li>\n<\/ul>\n<table class=\"product-table wl-border-main\">\n<tbody>\n<tr>\n<th>Incluso<\/th>\n<td>CARATTERISTICHE DEL CORSO<\/p>\n<p>\u2013 Standard didattici IKO<\/p>\n<p>\u2013 Attrezzature e accessori forniti dalla scuola<\/p>\n<p>\u2013 Lezioni personalizzate e one-to-one<\/p>\n<p>\u2013 Utilizzo della radio per la massima efficienza didattica<\/p>\n<p>\u2013 Debriefing a fine lezione<\/p>\n<p>\u2013 Gommone di supporto a disposizione<\/p>\n<p>\u2013 Singole ore aggiuntive a prezzo vantaggioso<\/p>\n<p>\u2013 Certificazione del livello IKO<\/p>\n<p>\u2013 Voucher di 50 euro per l&#8217;acquisto del tuo kite preferito North 2021, scontato del 40%, cumulabile con altre promozioni attive<\/td>\n<\/tr>\n<tr>\n<th>Durata<\/th>\n<td>3 Ore<\/td>\n<\/tr>\n<tr>\n<th>Portare<\/th>\n<td>Abbigliamento sportivo, crema solare, asciugamano\/accappatoio, occhiali da sole, costume, ciabatte da mare.<\/td>\n<\/tr>\n<tr>\n<th>Informazioni aggiuntive<\/th>\n<td><a href=\"https:\/\/www.kitesangelsbeach.it\/REGOLAMENTO.pdf\">REGOLAMENTO E CONDIZIONI GENERALI<\/a><\/td>\n<\/tr>\n<\/tbody>\n<\/table>\n","protected":false},"featured_media":4844,"template":"","meta":[],"yoast_head":"<!-- This site is optimized with the Yoast SEO plugin v16.2 - https:\/\/yoast.com\/wordpress\/plugins\/seo\/ -->\n<title>N. 3 ore di &quot;coppia&quot; in GOMMONE aggiuntive al corso &quot;Basic&quot; - Kite&#039;s Angels Beach<\/title>\n<meta name=\"robots\" content=\"index, follow, max-snippet:-1, max-image-preview:large, max-video-preview:-1\" \/>\n<link rel=\"canonical\" href=\"https:\/\/www.kitesangelsbeach.it\/it\/negozio\/n-3-ore-di-coppia-in-gommone-aggiuntive-al-corso-basic\/\" \/>\n<meta property=\"og:locale\" content=\"it_IT\" \/>\n<meta property=\"og:type\" content=\"article\" \/>\n<meta property=\"og:title\" content=\"N. 3 ore di &quot;coppia&quot; in GOMMONE aggiuntive al corso &quot;Basic&quot; - Kite&#039;s Angels Beach\" \/>\n<meta property=\"og:description\" content=\"TARIFFA NON RIMBORSABILE  NESSUNA SCADENZA TEMPORALE  IL PREZZO DI RIFERISCE AL SINGOLO CLIENTE - UNITARIO  IN CASO DI ACQUISTO IN COPPIA OCCORRE ACQUISTARE DUE PACCHETTI  Il pacchetto \u00e8 rivolto a coloro che vorranno proseguire con lezioni aggiuntive al corso &quot;Base&quot; o corso &quot;Advanced di sei ore&quot;, ma che vogliono iniziare ad alzare il loro livello e le loro capacit\u00e0.  Oggetto del Corso sono tutte le lezioni che vanno dall\u2019insegnamento dei cambi di direzione (virate e strambate), al toeside, fino alle rotazioni agganciati in back e in front      Corso adatto a tutte le et\u00e0  Rilascio certificazione internazionale del livello IKO  Copertura assicurativa internazionale  Materiali North Kiteboarding - Mystic e Flysurfer Kiteboarding 2021  NOVITA&#039; ASSOLUTA - Ricevi SUBITO un Voucher di 50 euro da utilizzare per opzionare il tuo kite preferito North 2021 scontato del 40%  &quot;PORTA UN AMICO&quot; - Per ogni &quot;amico che porti&quot; riceverai un voucher di 25 euro, cumulabile per l&#039;acquisto del tuo kite preferito North 2021 scontato del 40%     Incluso CARATTERISTICHE DEL CORSO  \u2013 Standard didattici IKO  \u2013 Attrezzature e accessori forniti dalla scuola  \u2013 Lezioni personalizzate e one-to-one  \u2013 Utilizzo della radio per la massima efficienza didattica  \u2013 Debriefing a fine lezione  \u2013 Gommone di supporto a disposizione  \u2013 Singole ore aggiuntive a prezzo vantaggioso  \u2013 Certificazione del livello IKO  \u2013 Voucher di 50 euro per l&#039;acquisto del tuo kite preferito North 2021, scontato del 40%, cumulabile con altre promozioni attive   Durata 3 Ore   Portare Abbigliamento sportivo, crema solare, asciugamano\/accappatoio, occhiali da sole, costume, ciabatte da mare.   Informazioni aggiuntive REGOLAMENTO E CONDIZIONI GENERALI\" \/>\n<meta property=\"og:url\" content=\"https:\/\/www.kitesangelsbeach.it\/it\/negozio\/n-3-ore-di-coppia-in-gommone-aggiuntive-al-corso-basic\/\" \/>\n<meta property=\"og:site_name\" content=\"Kite&#039;s Angels Beach\" \/>\n<meta property=\"article:modified_time\" content=\"2024-05-20T07:19:01+00:00\" \/>\n<meta property=\"og:image\" content=\"https:\/\/www.kitesangelsbeach.it\/wp-content\/uploads\/2021\/04\/ADDON.jpg\" \/>\n\t<meta property=\"og:image:width\" content=\"800\" \/>\n\t<meta property=\"og:image:height\" content=\"800\" \/>\n<meta name=\"twitter:card\" content=\"summary_large_image\" \/>\n<meta name=\"twitter:label1\" content=\"Tempo di lettura stimato\">\n\t<meta name=\"twitter:data1\" content=\"1 minuto\">\n<script type=\"application\/ld+json\" class=\"yoast-schema-graph\">{\"@context\":\"https:\/\/schema.org\",\"@graph\":[{\"@type\":\"WebSite\",\"@id\":\"https:\/\/www.kitesangelsbeach.it\/it\/#website\",\"url\":\"https:\/\/www.kitesangelsbeach.it\/it\/\",\"name\":\"Kite&#039;s Angels Beach\",\"description\":\"Kitesurfing Center Toscana\",\"potentialAction\":[{\"@type\":\"SearchAction\",\"target\":\"https:\/\/www.kitesangelsbeach.it\/it\/?s={search_term_string}\",\"query-input\":\"required name=search_term_string\"}],\"inLanguage\":\"it-IT\"},{\"@type\":\"ImageObject\",\"@id\":\"https:\/\/www.kitesangelsbeach.it\/it\/negozio\/n-3-ore-di-coppia-in-gommone-aggiuntive-al-corso-basic\/#primaryimage\",\"inLanguage\":\"it-IT\",\"url\":\"https:\/\/www.kitesangelsbeach.it\/wp-content\/uploads\/2021\/04\/ADDON.jpg\",\"contentUrl\":\"https:\/\/www.kitesangelsbeach.it\/wp-content\/uploads\/2021\/04\/ADDON.jpg\",\"width\":800,\"height\":800},{\"@type\":\"WebPage\",\"@id\":\"https:\/\/www.kitesangelsbeach.it\/it\/negozio\/n-3-ore-di-coppia-in-gommone-aggiuntive-al-corso-basic\/#webpage\",\"url\":\"https:\/\/www.kitesangelsbeach.it\/it\/negozio\/n-3-ore-di-coppia-in-gommone-aggiuntive-al-corso-basic\/\",\"name\":\"N. 3 ore di \\\"coppia\\\" in GOMMONE aggiuntive al corso \\\"Basic\\\" - Kite&#039;s Angels Beach\",\"isPartOf\":{\"@id\":\"https:\/\/www.kitesangelsbeach.it\/it\/#website\"},\"primaryImageOfPage\":{\"@id\":\"https:\/\/www.kitesangelsbeach.it\/it\/negozio\/n-3-ore-di-coppia-in-gommone-aggiuntive-al-corso-basic\/#primaryimage\"},\"datePublished\":\"2021-04-28T16:49:39+00:00\",\"dateModified\":\"2024-05-20T07:19:01+00:00\",\"breadcrumb\":{\"@id\":\"https:\/\/www.kitesangelsbeach.it\/it\/negozio\/n-3-ore-di-coppia-in-gommone-aggiuntive-al-corso-basic\/#breadcrumb\"},\"inLanguage\":\"it-IT\",\"potentialAction\":[{\"@type\":\"ReadAction\",\"target\":[\"https:\/\/www.kitesangelsbeach.it\/it\/negozio\/n-3-ore-di-coppia-in-gommone-aggiuntive-al-corso-basic\/\"]}]},{\"@type\":\"BreadcrumbList\",\"@id\":\"https:\/\/www.kitesangelsbeach.it\/it\/negozio\/n-3-ore-di-coppia-in-gommone-aggiuntive-al-corso-basic\/#breadcrumb\",\"itemListElement\":[{\"@type\":\"ListItem\",\"position\":1,\"item\":{\"@type\":\"WebPage\",\"@id\":\"https:\/\/www.kitesangelsbeach.it\/it\/\",\"url\":\"https:\/\/www.kitesangelsbeach.it\/it\/\",\"name\":\"Home\"}},{\"@type\":\"ListItem\",\"position\":2,\"item\":{\"@type\":\"WebPage\",\"@id\":\"https:\/\/www.kitesangelsbeach.it\/it\/negozio\/\",\"url\":\"https:\/\/www.kitesangelsbeach.it\/it\/negozio\/\",\"name\":\"Shop\"}},{\"@type\":\"ListItem\",\"position\":3,\"item\":{\"@id\":\"https:\/\/www.kitesangelsbeach.it\/it\/negozio\/n-3-ore-di-coppia-in-gommone-aggiuntive-al-corso-basic\/#webpage\"}}]}]}<\/script>\n<!-- \/ Yoast SEO plugin. -->","_links":{"self":[{"href":"https:\/\/www.kitesangelsbeach.it\/it\/wp-json\/wp\/v2\/product\/4849"}],"collection":[{"href":"https:\/\/www.kitesangelsbeach.it\/it\/wp-json\/wp\/v2\/product"}],"about":[{"href":"https:\/\/www.kitesangelsbeach.it\/it\/wp-json\/wp\/v2\/types\/product"}],"wp:featuredmedia":[{"embeddable":true,"href":"https:\/\/www.kitesangelsbeach.it\/it\/wp-json\/wp\/v2\/media\/4844"}],"wp:attachment":[{"href":"https:\/\/www.kitesangelsbeach.it\/it\/wp-json\/wp\/v2\/media?parent=4849"}],"curies":[{"name":"wp","href":"https:\/\/api.w.org\/{rel}","templated":true}]}}