{"id":4880,"date":"2021-04-28T18:33:05","date_gmt":"2021-04-28T18:33:05","guid":{"rendered":"https:\/\/www.kitesangelsbeach.it\/it\/?post_type=product&#038;p=4880"},"modified":"2022-05-20T08:47:06","modified_gmt":"2022-05-20T08:47:06","slug":"noleggio-rent","status":"publish","type":"product","link":"https:\/\/www.kitesangelsbeach.it\/it\/negozio\/noleggio-rent\/","title":{"rendered":"Noleggio Rent"},"content":{"rendered":"<div class=\"location\">\n<h3 class=\"title wl-border-no\">Luogo dell&#8217;evento<\/h3>\n<div class=\"content clr-after\">\n<div class=\"left\">\n<div class=\"desc\">Lo stabilimento si trova a 5 min di cammino lungo un sentiero segnalato in pineta, partendo dal cartello segnaletico posto sulla strada Provinciale.<\/div>\n<div class=\"address\">Presso lo stabilimento Kite&#8217;s Angels Beach SSD &#8211; IKO Center<br \/>\nKite&#8217;s Angels Beach, KM31 della Canova, Str. S. Vincenzo d&#8217;Elba, Marina di Grosseto, GR, Italia<\/div>\n<div class=\"icon-option parking\">Parcheggio gratuito e custodito a pagamento (area Parking CANOVA)<\/div>\n<div class=\"icon-option public-transport\">Fermata bus 1\/G 49D, altezza incrocio Via della Canova<\/div>\n<div class=\"reseller-data\">\n<h3 class=\"title wl-border-no row\">Offerto da<\/h3>\n<p>Kite&#8217;s Angels Beach<\/p>\n<div class=\"row wl-color-highlight\">&#8211; Grosseto<\/div>\n<\/div>\n<\/div>\n<p><iframe loading=\"lazy\" style=\"border: 0;\" src=\"https:\/\/www.google.com\/maps\/embed?pb=!1m14!1m8!1m3!1d11721.322129972004!2d10.958483!3d42.7390586!3m2!1i1024!2i768!4f13.1!3m3!1m2!1s0x1329c90d1ea555af%3A0x15518db6feea8e3d!2sStabilimento%20Kite's%20Angels!5e0!3m2!1sit!2sit!4v1619642214487!5m2!1sit!2sit\" width=\"600\" height=\"450\" allowfullscreen=\"allowfullscreen\"><\/iframe><\/p>\n<\/div>\n<\/div>\n<div class=\"description\">\n<h3 class=\"title wl-border-no\">Ulteriori informazioni<\/h3>\n<div class=\"content\">\n<p>&#8211;\u00a0<em>Polizza RCT<\/em>\u00a0(Responsabilit\u00e0 Civile verso Terzi) valida su tutto il territorio nazionale sotto l&#8217;egida AICS fino al 31 agosto p.v., massimale 3,5 milioni\/euro, senza franchigia per danni alla persona e 500 euro di franchigia per danni a cose e animali<\/p>\n<p>&#8211;\u00a0<em>Polizza Infortuni<\/em>: Morte \u20ac 80.000,00 &#8211; Invalidit\u00e0 Permanente \u20ac 80.000,00 &#8211; Frattura ossea radiologicamente accertata \u20ac 200,00. Liquidazione forfettaria per gli infortuni i cui postumi invalidanti ricadono nellafranchigia del 6%. Dal 7%, la quota fissa verr\u00e0 sostituita dalla liquidazione di \u20ac 800,00 per ognipunto di invalidit\u00e0 accertato secondo quanto stabilito dalla tabella in uso eprevista dalla legge sulla assicurazione obbligatoria degli sportivi (L.289\/2002)<\/p>\n<p>&#8211;\u00a0<em>KASCO COMPLETA<\/em><em>\u00a0, la soluzione\u00a0<\/em><em>per<\/em>\u00a0la massima protezione di tutto il materiale noleggiato<\/p>\n<\/div>\n<\/div>\n","protected":false},"excerpt":{"rendered":"<p>Possibilit\u00e0 di noleggiare per un giorno intero, per pi\u00f9 giorni o per l\u2019intera settimana<\/p>\n<p>\u00c8 possibile cambiare le dimensioni e la tipologia di attrezzatura in caso di noleggio prolungato per pi\u00f9 ore<\/p>\n<p>Copertura assicurativa &#8220;Responsabilit\u00e0 Civile verso Terzi&#8221; (RCT)<\/p>\n<p>Fra gli spot pi\u00f9 ventosi e ricercati in Italia, con il pi\u00f9 grande corridoio di lancio (140 mt)<br \/>\nCentro affiliato IKO (International Kiteboarding Organization), istruttori qualificati IKO<br \/>\nCentro Test North Kiteboarding &#8211; Mystic &amp; Flysurfer Kiteboarding<br \/>\n&#8220;KASCO COMPLETA&#8221;, la soluzione per la massima protezione di tutto il materiale noleggiato<\/p>\n<p>&nbsp;<\/p>\n<table class=\"product-table wl-border-main\">\n<tbody>\n<tr>\n<th>Incluso<\/th>\n<td>Copertura assicurativa &#8220;Responsabilit\u00e0 Civile verso Terzi&#8221; (RCT)\u00a0e &#8220;Polizza Infortuni&#8221;<\/p>\n<p>Libero utilizzo dell&#8217;impianto sportivo, compressore, doccia, Wi-Fi<\/p>\n<p>Servizio di soccorso e recupero con il gommone<\/td>\n<\/tr>\n<tr>\n<th>Non incluso<\/th>\n<td>\n<ul>\n<li>Corsi e lezioni kitesurf<\/li>\n<li>Storage attrezzatura<\/li>\n<\/ul>\n<\/td>\n<\/tr>\n<tr>\n<th>Partecipanti<\/th>\n<td>Osservatori gratis<\/td>\n<\/tr>\n<tr>\n<th>Informazioni importanti<\/th>\n<td>Per lo svolgimento delle attivit\u00e0 sportive in mare \u00e8&#8217; fatto\u00a0<strong>obbligo<\/strong>\u00a0indossare il\u00a0<strong>&#8220;baraccialetto&#8221;<\/strong>\u00a0identificativo colorato, da ritirarsi in Direzione.<\/td>\n<\/tr>\n<tr>\n<th>Informazioni aggiuntive<\/th>\n<td><a href=\"https:\/\/www.kitesangelsbeach.it\/REGOLAMENTO.pdf\">REGOLAMENTO E CONDIZIONI GENERALI<\/a><\/td>\n<\/tr>\n<\/tbody>\n<\/table>\n","protected":false},"featured_media":4881,"template":"","meta":[],"yoast_head":"<!-- This site is optimized with the Yoast SEO plugin v16.2 - https:\/\/yoast.com\/wordpress\/plugins\/seo\/ -->\n<title>Noleggio Rent - Kite&#039;s Angels Beach<\/title>\n<meta name=\"robots\" content=\"index, follow, max-snippet:-1, max-image-preview:large, max-video-preview:-1\" \/>\n<link rel=\"canonical\" href=\"https:\/\/www.kitesangelsbeach.it\/it\/negozio\/noleggio-rent\/\" \/>\n<meta property=\"og:locale\" content=\"it_IT\" \/>\n<meta property=\"og:type\" content=\"article\" \/>\n<meta property=\"og:title\" content=\"Noleggio Rent - Kite&#039;s Angels Beach\" \/>\n<meta property=\"og:description\" content=\"Possibilit\u00e0 di noleggiare per un giorno intero, per pi\u00f9 giorni o per l\u2019intera settimana  \u00c8 possibile cambiare le dimensioni e la tipologia di attrezzatura in caso di noleggio prolungato per pi\u00f9 ore  Copertura assicurativa &quot;Responsabilit\u00e0 Civile verso Terzi&quot; (RCT)  Fra gli spot pi\u00f9 ventosi e ricercati in Italia, con il pi\u00f9 grande corridoio di lancio (140 mt) Centro affiliato IKO (International Kiteboarding Organization), istruttori qualificati IKO Centro Test North Kiteboarding - Mystic &amp; Flysurfer Kiteboarding &quot;KASCO COMPLETA&quot;, la soluzione per la massima protezione di tutto il materiale noleggiato  &nbsp;    Incluso Copertura assicurativa &quot;Responsabilit\u00e0 Civile verso Terzi&quot; (RCT)\u00a0e &quot;Polizza Infortuni&quot;  Libero utilizzo dell&#039;impianto sportivo, compressore, doccia, Wi-Fi  Servizio di soccorso e recupero con il gommone   Non incluso    Corsi e lezioni kitesurf  Storage attrezzatura     Partecipanti Osservatori gratis   Informazioni importanti Per lo svolgimento delle attivit\u00e0 sportive in mare \u00e8&#039; fatto\u00a0obbligo\u00a0indossare il\u00a0&quot;baraccialetto&quot;\u00a0identificativo colorato, da ritirarsi in Direzione.   Informazioni aggiuntive REGOLAMENTO E CONDIZIONI GENERALI\" \/>\n<meta property=\"og:url\" content=\"https:\/\/www.kitesangelsbeach.it\/it\/negozio\/noleggio-rent\/\" \/>\n<meta property=\"og:site_name\" content=\"Kite&#039;s Angels Beach\" \/>\n<meta property=\"article:modified_time\" content=\"2022-05-20T08:47:06+00:00\" \/>\n<meta property=\"og:image\" content=\"https:\/\/www.kitesangelsbeach.it\/wp-content\/uploads\/2021\/04\/noleggio.jpg\" \/>\n\t<meta property=\"og:image:width\" content=\"800\" \/>\n\t<meta property=\"og:image:height\" content=\"800\" \/>\n<meta name=\"twitter:card\" content=\"summary_large_image\" \/>\n<meta name=\"twitter:label1\" content=\"Tempo di lettura stimato\">\n\t<meta name=\"twitter:data1\" content=\"2 minuti\">\n<script type=\"application\/ld+json\" class=\"yoast-schema-graph\">{\"@context\":\"https:\/\/schema.org\",\"@graph\":[{\"@type\":\"WebSite\",\"@id\":\"https:\/\/www.kitesangelsbeach.it\/it\/#website\",\"url\":\"https:\/\/www.kitesangelsbeach.it\/it\/\",\"name\":\"Kite&#039;s Angels Beach\",\"description\":\"Kitesurfing Center Toscana\",\"potentialAction\":[{\"@type\":\"SearchAction\",\"target\":\"https:\/\/www.kitesangelsbeach.it\/it\/?s={search_term_string}\",\"query-input\":\"required name=search_term_string\"}],\"inLanguage\":\"it-IT\"},{\"@type\":\"ImageObject\",\"@id\":\"https:\/\/www.kitesangelsbeach.it\/it\/negozio\/noleggio-rent\/#primaryimage\",\"inLanguage\":\"it-IT\",\"url\":\"https:\/\/www.kitesangelsbeach.it\/wp-content\/uploads\/2021\/04\/noleggio.jpg\",\"contentUrl\":\"https:\/\/www.kitesangelsbeach.it\/wp-content\/uploads\/2021\/04\/noleggio.jpg\",\"width\":800,\"height\":800},{\"@type\":\"WebPage\",\"@id\":\"https:\/\/www.kitesangelsbeach.it\/it\/negozio\/noleggio-rent\/#webpage\",\"url\":\"https:\/\/www.kitesangelsbeach.it\/it\/negozio\/noleggio-rent\/\",\"name\":\"Noleggio Rent - Kite&#039;s Angels Beach\",\"isPartOf\":{\"@id\":\"https:\/\/www.kitesangelsbeach.it\/it\/#website\"},\"primaryImageOfPage\":{\"@id\":\"https:\/\/www.kitesangelsbeach.it\/it\/negozio\/noleggio-rent\/#primaryimage\"},\"datePublished\":\"2021-04-28T18:33:05+00:00\",\"dateModified\":\"2022-05-20T08:47:06+00:00\",\"breadcrumb\":{\"@id\":\"https:\/\/www.kitesangelsbeach.it\/it\/negozio\/noleggio-rent\/#breadcrumb\"},\"inLanguage\":\"it-IT\",\"potentialAction\":[{\"@type\":\"ReadAction\",\"target\":[\"https:\/\/www.kitesangelsbeach.it\/it\/negozio\/noleggio-rent\/\"]}]},{\"@type\":\"BreadcrumbList\",\"@id\":\"https:\/\/www.kitesangelsbeach.it\/it\/negozio\/noleggio-rent\/#breadcrumb\",\"itemListElement\":[{\"@type\":\"ListItem\",\"position\":1,\"item\":{\"@type\":\"WebPage\",\"@id\":\"https:\/\/www.kitesangelsbeach.it\/it\/\",\"url\":\"https:\/\/www.kitesangelsbeach.it\/it\/\",\"name\":\"Home\"}},{\"@type\":\"ListItem\",\"position\":2,\"item\":{\"@type\":\"WebPage\",\"@id\":\"https:\/\/www.kitesangelsbeach.it\/it\/negozio\/\",\"url\":\"https:\/\/www.kitesangelsbeach.it\/it\/negozio\/\",\"name\":\"Shop\"}},{\"@type\":\"ListItem\",\"position\":3,\"item\":{\"@id\":\"https:\/\/www.kitesangelsbeach.it\/it\/negozio\/noleggio-rent\/#webpage\"}}]}]}<\/script>\n<!-- \/ Yoast SEO plugin. -->","_links":{"self":[{"href":"https:\/\/www.kitesangelsbeach.it\/it\/wp-json\/wp\/v2\/product\/4880"}],"collection":[{"href":"https:\/\/www.kitesangelsbeach.it\/it\/wp-json\/wp\/v2\/product"}],"about":[{"href":"https:\/\/www.kitesangelsbeach.it\/it\/wp-json\/wp\/v2\/types\/product"}],"wp:featuredmedia":[{"embeddable":true,"href":"https:\/\/www.kitesangelsbeach.it\/it\/wp-json\/wp\/v2\/media\/4881"}],"wp:attachment":[{"href":"https:\/\/www.kitesangelsbeach.it\/it\/wp-json\/wp\/v2\/media?parent=4880"}],"curies":[{"name":"wp","href":"https:\/\/api.w.org\/{rel}","templated":true}]}}