{"id":4939,"date":"2021-04-29T14:35:44","date_gmt":"2021-04-29T14:35:44","guid":{"rendered":"https:\/\/www.kitesangelsbeach.it\/?post_type=product&#038;p=4939"},"modified":"2025-11-17T11:01:43","modified_gmt":"2025-11-17T11:01:43","slug":"corsi-kitesurf-in-coppia","status":"publish","type":"product","link":"https:\/\/www.kitesangelsbeach.it\/it\/negozio\/corsi-kitesurf-in-coppia\/","title":{"rendered":"CORSI KITESURF IN COPPIA"},"content":{"rendered":"<div class=\"location\">\n<h3 class=\"title wl-border-no\">Luogo dell&#8217;evento<\/h3>\n<div class=\"content clr-after\">\n<div class=\"left\">\n<div class=\"desc\">Lo stabilimento si trova a 5 min di cammino lungo un sentiero segnalato in pineta, partendo dal cartello segnaletico posto sulla strada Provinciale.<\/div>\n<div class=\"address\">Presso lo stabilimento Kite&#8217;s Angels Beach<br \/>\nKite&#8217;s Angels Beach, KM31 della Canova, Str. S. Vincenzo d&#8217;Elba, Marina di Grosseto, GR, Italia<\/div>\n<div class=\"icon-option parking\">Parcheggio gratuito e a pagamento custodito<\/div>\n<div class=\"icon-option public-transport\">Fermata del bus 1\/G 49D al parcheggio davanti allo stabilimento<\/div>\n<div class=\"reseller-data\">\n<h3 class=\"title wl-border-no row\">Offerto da<\/h3>\n<p>Kite&#8217;s Angels Beach<\/p>\n<div class=\"row wl-color-highlight\">&#8211; Provincia di Grosseto<\/div>\n<\/div>\n<\/div>\n<p><iframe loading=\"lazy\" style=\"border: 0;\" src=\"https:\/\/www.google.com\/maps\/embed?pb=!1m14!1m8!1m3!1d11721.322129972004!2d10.958483!3d42.7390586!3m2!1i1024!2i768!4f13.1!3m3!1m2!1s0x1329c90d1ea555af%3A0x15518db6feea8e3d!2sStabilimento%20Kite's%20Angels!5e0!3m2!1sit!2sit!4v1619642214487!5m2!1sit!2sit\" width=\"600\" height=\"450\" allowfullscreen=\"allowfullscreen\"><\/iframe><\/p>\n<\/div>\n<\/div>\n<div class=\"description\">\n<h3 class=\"title wl-border-no\">Ulteriori informazioni<\/h3>\n<div class=\"content\">\n<p><strong>STRUTTURA DEL CORSO &#8220;BASIC&#8221; DI KITESURF:<\/strong><\/p>\n<p>\u2013 1\u00b0 ora: teoria e nozioni di meteorologia, gestione spot, nomenclatura e preparazione dell\u2019attrezzatura, sistemi di sicurezza.<\/p>\n<p>\u2013 2\u00b0 ora: finestra di volo, decollo, atterraggio, pilotaggio a due mani, rilancio kite, self rescue.<\/p>\n<p>\u2013 3\u00b0 ora: pilotaggio a una mano, bodydrag downwind.<\/p>\n<p>\u2013 4\u00b0 ora: bodydrag upwind con e senza tavola.<\/p>\n<p>\u2013 5\u00b0 ora: gestione tavola, esercizi pre-partenza, steady pull<\/p>\n<p>\u2013 6\u00b0 ora: waterstart.<\/p>\n<\/div>\n<\/div>\n","protected":false},"excerpt":{"rendered":"<div class=\"short-description\">\n<div class=\"std\">\n<div class=\"short-description\">\n<div class=\"std\">\n<div class=\"short-description\">\n<div class=\"std\">\n<p><strong>TARIFFA NON RIMBORSABILE<\/strong><\/p>\n<p><strong>NESSUNA SCADENZA TEMPORALE<\/strong><\/p>\n<p>Il Corso Base Kitesurf in Toscana \u00e8 rivolto ai neofiti ed \u00e8 strutturato in modo tale da favorire il vostro apprendimento in modo costante durante tutta la durata delle lezioni. Per far s\u00ec che lo studente sia sempre concentrato ed esprima al meglio il suo potenziale, il corso \u00e8 suddiviso in 6 ore.<\/p>\n<p>In questo modo l\u2019allievo non dovr\u00e0 mai sostenere lezioni troppo prolungate e lavorer\u00e0 sempre al massimo della sua curva di apprendimento. Alla fine di ogni lezione ci sar\u00e0 un debriefing con l\u2019istruttore per capire la corretta assimilazione della lezione.<\/p>\n<\/div>\n<\/div>\n<ul class=\"highlights\">\n<li>Corso adatto a tutte le et\u00e0<\/li>\n<li>Rilascio certificazione internazionale del livello IKO<\/li>\n<li>Copertura assicurativa internazionale<\/li>\n<li>Materiali North Sails &#8211; Mystic e Flysurfer Kiteboarding dell&#8217;anno in corso<\/li>\n<li>NOVITA&#8217; ASSOLUTA &#8211; Ricevi SUBITO un Voucher di 50 euro da utilizzare per opzionare il tuo kite preferito North Sails dell&#8217;anno in corso scontato del 40%<\/li>\n<li>&#8220;PORTA UN AMICO&#8221; &#8211; Per ogni &#8220;amico che porti&#8221; riceverai un voucher di 25 euro, cumulabile con ogni promozione attiva<\/li>\n<li>\n<table class=\"product-table wl-border-main\">\n<tbody>\n<tr>\n<th>Incluso<\/th>\n<td>\u2013 Standard didattici IKO<\/p>\n<p>\u2013 Attrezzature e accessori forniti dalla scuola<\/p>\n<p>\u2013 Utilizzo della radio per la massima efficienza didattica<\/p>\n<p>\u2013 Debriefing a fine lezione<\/p>\n<p>\u2013 Gommone di supporto a disposizione<\/p>\n<p>\u2013 Singole ore aggiuntive a prezzo vantaggioso<\/p>\n<p>\u2013 Certificazione internazionale del livello IKO<\/p>\n<p>\u2013 Voucher di 50 euro per l&#8217;acquisto del tuo kite preferito North Sails dell&#8217;anno in corso, scontato del 40%, cumulabile con altre promozioni attive<\/td>\n<\/tr>\n<tr>\n<th>Non incluso<\/th>\n<td>Storage attrezzatura<\/td>\n<\/tr>\n<tr>\n<th>Durata<\/th>\n<td>6 Ore<\/td>\n<\/tr>\n<tr>\n<th>Portare<\/th>\n<td>Abbigliamento sportivo, crema solare, asciugamano\/accappatoio, occhiali da sole, costume, ciabatte da mare.<\/td>\n<\/tr>\n<tr>\n<th>Informazioni aggiuntive<\/th>\n<td><a href=\"https:\/\/www.kitesangelsbeach.it\/REGOLAMENTO.pdf\">REGOLAMENTO E CONDIZIONI GENERALI<\/a><\/td>\n<\/tr>\n<\/tbody>\n<\/table>\n<\/li>\n<\/ul>\n<\/div>\n<\/div>\n<\/div>\n<\/div>\n","protected":false},"featured_media":4945,"template":"","meta":[],"yoast_head":"<!-- This site is optimized with the Yoast SEO plugin v16.2 - https:\/\/yoast.com\/wordpress\/plugins\/seo\/ -->\n<title>CORSI KITESURF IN COPPIA - Kite&#039;s Angels Beach<\/title>\n<meta name=\"robots\" content=\"index, follow, max-snippet:-1, max-image-preview:large, max-video-preview:-1\" \/>\n<link rel=\"canonical\" href=\"https:\/\/www.kitesangelsbeach.it\/it\/negozio\/corsi-kitesurf-in-coppia\/\" \/>\n<meta property=\"og:locale\" content=\"it_IT\" \/>\n<meta property=\"og:type\" content=\"article\" \/>\n<meta property=\"og:title\" content=\"CORSI KITESURF IN COPPIA - Kite&#039;s Angels Beach\" \/>\n<meta property=\"og:description\" content=\"TARIFFA NON RIMBORSABILE  NESSUNA SCADENZA TEMPORALE  Il Corso Base Kitesurf in Toscana \u00e8 rivolto ai neofiti ed \u00e8 strutturato in modo tale da favorire il vostro apprendimento in modo costante durante tutta la durata delle lezioni. Per far s\u00ec che lo studente sia sempre concentrato ed esprima al meglio il suo potenziale, il corso \u00e8 suddiviso in 6 ore.  In questo modo l\u2019allievo non dovr\u00e0 mai sostenere lezioni troppo prolungate e lavorer\u00e0 sempre al massimo della sua curva di apprendimento. Alla fine di ogni lezione ci sar\u00e0 un debriefing con l\u2019istruttore per capire la corretta assimilazione della lezione.      Corso adatto a tutte le et\u00e0  Rilascio certificazione internazionale del livello IKO  Copertura assicurativa internazionale  Materiali North Sails - Mystic e Flysurfer Kiteboarding dell&#039;anno in corso  NOVITA&#039; ASSOLUTA - Ricevi SUBITO un Voucher di 50 euro da utilizzare per opzionare il tuo kite preferito North Sails dell&#039;anno in corso scontato del 40%  &quot;PORTA UN AMICO&quot; - Per ogni &quot;amico che porti&quot; riceverai un voucher di 25 euro, cumulabile con ogni promozione attiva      Incluso \u2013 Standard didattici IKO  \u2013 Attrezzature e accessori forniti dalla scuola  \u2013 Utilizzo della radio per la massima efficienza didattica  \u2013 Debriefing a fine lezione  \u2013 Gommone di supporto a disposizione  \u2013 Singole ore aggiuntive a prezzo vantaggioso  \u2013 Certificazione internazionale del livello IKO  \u2013 Voucher di 50 euro per l&#039;acquisto del tuo kite preferito North Sails dell&#039;anno in corso, scontato del 40%, cumulabile con altre promozioni attive   Non incluso Storage attrezzatura   Durata 6 Ore   Portare Abbigliamento sportivo, crema solare, asciugamano\/accappatoio, occhiali da sole, costume, ciabatte da mare.   Informazioni aggiuntive REGOLAMENTO E CONDIZIONI GENERALI\" \/>\n<meta property=\"og:url\" content=\"https:\/\/www.kitesangelsbeach.it\/it\/negozio\/corsi-kitesurf-in-coppia\/\" \/>\n<meta property=\"og:site_name\" content=\"Kite&#039;s Angels Beach\" \/>\n<meta property=\"article:modified_time\" content=\"2025-11-17T11:01:43+00:00\" \/>\n<meta property=\"og:image\" content=\"https:\/\/www.kitesangelsbeach.it\/wp-content\/uploads\/2021\/04\/corsocoppia.jpg\" \/>\n\t<meta property=\"og:image:width\" content=\"800\" \/>\n\t<meta property=\"og:image:height\" content=\"800\" \/>\n<meta name=\"twitter:card\" content=\"summary_large_image\" \/>\n<meta name=\"twitter:label1\" content=\"Tempo di lettura stimato\">\n\t<meta name=\"twitter:data1\" content=\"1 minuto\">\n<script type=\"application\/ld+json\" class=\"yoast-schema-graph\">{\"@context\":\"https:\/\/schema.org\",\"@graph\":[{\"@type\":\"WebSite\",\"@id\":\"https:\/\/www.kitesangelsbeach.it\/it\/#website\",\"url\":\"https:\/\/www.kitesangelsbeach.it\/it\/\",\"name\":\"Kite&#039;s Angels Beach\",\"description\":\"Kitesurfing Center Toscana\",\"potentialAction\":[{\"@type\":\"SearchAction\",\"target\":\"https:\/\/www.kitesangelsbeach.it\/it\/?s={search_term_string}\",\"query-input\":\"required name=search_term_string\"}],\"inLanguage\":\"it-IT\"},{\"@type\":\"ImageObject\",\"@id\":\"https:\/\/www.kitesangelsbeach.it\/it\/negozio\/corsi-kitesurf-in-coppia\/#primaryimage\",\"inLanguage\":\"it-IT\",\"url\":\"https:\/\/www.kitesangelsbeach.it\/wp-content\/uploads\/2021\/04\/corsocoppia.jpg\",\"contentUrl\":\"https:\/\/www.kitesangelsbeach.it\/wp-content\/uploads\/2021\/04\/corsocoppia.jpg\",\"width\":800,\"height\":800},{\"@type\":\"WebPage\",\"@id\":\"https:\/\/www.kitesangelsbeach.it\/it\/negozio\/corsi-kitesurf-in-coppia\/#webpage\",\"url\":\"https:\/\/www.kitesangelsbeach.it\/it\/negozio\/corsi-kitesurf-in-coppia\/\",\"name\":\"CORSI KITESURF IN COPPIA - Kite&#039;s Angels Beach\",\"isPartOf\":{\"@id\":\"https:\/\/www.kitesangelsbeach.it\/it\/#website\"},\"primaryImageOfPage\":{\"@id\":\"https:\/\/www.kitesangelsbeach.it\/it\/negozio\/corsi-kitesurf-in-coppia\/#primaryimage\"},\"datePublished\":\"2021-04-29T14:35:44+00:00\",\"dateModified\":\"2025-11-17T11:01:43+00:00\",\"breadcrumb\":{\"@id\":\"https:\/\/www.kitesangelsbeach.it\/it\/negozio\/corsi-kitesurf-in-coppia\/#breadcrumb\"},\"inLanguage\":\"it-IT\",\"potentialAction\":[{\"@type\":\"ReadAction\",\"target\":[\"https:\/\/www.kitesangelsbeach.it\/it\/negozio\/corsi-kitesurf-in-coppia\/\"]}]},{\"@type\":\"BreadcrumbList\",\"@id\":\"https:\/\/www.kitesangelsbeach.it\/it\/negozio\/corsi-kitesurf-in-coppia\/#breadcrumb\",\"itemListElement\":[{\"@type\":\"ListItem\",\"position\":1,\"item\":{\"@type\":\"WebPage\",\"@id\":\"https:\/\/www.kitesangelsbeach.it\/it\/\",\"url\":\"https:\/\/www.kitesangelsbeach.it\/it\/\",\"name\":\"Home\"}},{\"@type\":\"ListItem\",\"position\":2,\"item\":{\"@type\":\"WebPage\",\"@id\":\"https:\/\/www.kitesangelsbeach.it\/it\/negozio\/\",\"url\":\"https:\/\/www.kitesangelsbeach.it\/it\/negozio\/\",\"name\":\"Shop\"}},{\"@type\":\"ListItem\",\"position\":3,\"item\":{\"@id\":\"https:\/\/www.kitesangelsbeach.it\/it\/negozio\/corsi-kitesurf-in-coppia\/#webpage\"}}]}]}<\/script>\n<!-- \/ Yoast SEO plugin. -->","_links":{"self":[{"href":"https:\/\/www.kitesangelsbeach.it\/it\/wp-json\/wp\/v2\/product\/4939"}],"collection":[{"href":"https:\/\/www.kitesangelsbeach.it\/it\/wp-json\/wp\/v2\/product"}],"about":[{"href":"https:\/\/www.kitesangelsbeach.it\/it\/wp-json\/wp\/v2\/types\/product"}],"wp:featuredmedia":[{"embeddable":true,"href":"https:\/\/www.kitesangelsbeach.it\/it\/wp-json\/wp\/v2\/media\/4945"}],"wp:attachment":[{"href":"https:\/\/www.kitesangelsbeach.it\/it\/wp-json\/wp\/v2\/media?parent=4939"}],"curies":[{"name":"wp","href":"https:\/\/api.w.org\/{rel}","templated":true}]}}